{"id":349,"date":"2022-11-20T18:18:12","date_gmt":"2022-11-20T18:18:12","guid":{"rendered":"https:\/\/studio.goqram.com\/?page_id=349"},"modified":"2023-02-05T12:53:42","modified_gmt":"2023-02-05T12:53:42","slug":"webp","status":"publish","type":"page","link":"https:\/\/goqram.com\/in\/webp\/","title":{"rendered":"WebP Menu"},"content":{"rendered":"<p>[vc_section full_width=&#8221;stretch_row&#8221; pix_over_visibility=&#8221;&#8221; pix_overlay_color=&#8221;gradient-primary&#8221;][vc_row full_width=&#8221;stretch_row_content_no_spaces&#8221; pix_particles_check=&#8221;&#8221; css=&#8221;.vc_custom_1668964380013{padding-right: 5px !important;padding-left: 5px !important;}&#8221; el_id=&#8221;go_back_menu&#8221;][vc_column content_align=&#8221;text-center&#8221; pix_overlay_color=&#8221;dark-opacity-6&#8243; css=&#8221;.vc_custom_1669586952500{margin-top: 5px !important;padding-top: 5px !important;padding-bottom: 5px !important;border-radius: 5px !important;}&#8221;]<a class=\"d-inline-block \"  href=\"https:\/\/instagram.com\/goqram\" target=\"\"><div id=\"duo-icon-8406481\" class=\"pix-icon d-inline-block  vc_custom_1675600375086\"><div class=\"feature_img \"   style=\"width:32px;height:auto;display:inline-block;position:relative;\"><img style=\"width:32px;height:32px;\" class=\"img-fluid2 pix-fit-cover \" src=\"https:\/\/goqram.com\/in\/wp-content\/uploads\/Instagram-goqram.webp\" alt=\"\"><\/div><\/div><\/a><a class=\"d-inline-block \"  href=\"https:\/\/facebook.com\/goqram\" target=\"\"><div id=\"duo-icon-83495077\" class=\"pix-icon d-inline-block  vc_custom_1675600386976\"><div class=\"feature_img \"   style=\"width:32px;height:auto;display:inline-block;position:relative;\"><img style=\"width:32px;height:32px;\" class=\"img-fluid2 pix-fit-cover \" src=\"https:\/\/goqram.com\/in\/wp-content\/uploads\/facebook-goqram.webp\" alt=\"\"><\/div><\/div><\/a><a class=\"d-inline-block \"  href=\"#\" target=\"\"><div id=\"duo-icon-129830944\" class=\"pix-icon d-inline-block  vc_custom_1675600401171\"><div class=\"feature_img \"   style=\"width:32px;height:auto;display:inline-block;position:relative;\"><img style=\"width:32px;height:32px;\" class=\"img-fluid2 pix-fit-cover \" src=\"https:\/\/goqram.com\/in\/wp-content\/uploads\/English-goqram.webp\" alt=\"\"><\/div><\/div><\/a><a class=\"d-inline-block \"  href=\"#\" target=\"\"><div id=\"duo-icon-106575963\" class=\"pix-icon d-inline-block \"><div class=\"feature_img \"   style=\"width:32px;height:auto;display:inline-block;position:relative;\"><img style=\"width:32px;height:32px;\" class=\"img-fluid2 pix-fit-cover \" src=\"https:\/\/goqram.com\/in\/wp-content\/uploads\/Russian-goqram.webp\" alt=\"\"><\/div><\/div><\/a>[\/vc_column][\/vc_row][vc_row full_width=&#8221;stretch_row_content_no_spaces&#8221; content_placement=&#8221;middle&#8221; pix_particles_check=&#8221;&#8221; css=&#8221;.vc_custom_1668964387542{padding-right: 5px !important;padding-left: 5px !important;}&#8221;][vc_column content_align=&#8221;text-center&#8221; pix_overlay_color=&#8221;dark-opacity-6&#8243; css=&#8221;.vc_custom_1669586835033{margin-top: 5px !important;margin-bottom: 5px !important;padding-top: 10px !important;padding-bottom: 10px !important;border-radius: 5px !important;}&#8221;]<div class=\"d-inline-block \" ><div class=\"pix-img-el    text-center d-inline-block  w-100 rounded-0\"  ><img class=\"card-img2 pix-img-elem rounded-0  h-1002\" style=\"height:auto;\" width=\"353\" height=\"100\" srcset=\"https:\/\/goqram.com\/in\/wp-content\/uploads\/welldone.webp 353w, https:\/\/goqram.com\/in\/wp-content\/uploads\/welldone-300x85.webp 300w, https:\/\/goqram.com\/in\/wp-content\/uploads\/welldone-150x42.webp 150w\" sizes=\"(max-width: 353px) 100vw, 353px\" src=\"https:\/\/goqram.com\/in\/wp-content\/uploads\/welldone.webp\" alt=\"\" \/><\/div><\/div>[\/vc_column][\/vc_row][vc_row full_width=&#8221;stretch_row_content_no_spaces&#8221; pix_particles_check=&#8221;&#8221; css=&#8221;.vc_custom_1668963053632{padding-right: 5px !important;padding-left: 5px !important;}&#8221;][vc_column content_align=&#8221;text-center&#8221; pix_overlay_color=&#8221;dark-opacity-6&#8243; css=&#8221;.vc_custom_1669586856051{margin-bottom: 5px !important;padding-top: 5px !important;padding-right: 5px !important;padding-bottom: 5px !important;padding-left: 5px !important;border-radius: 5px !important;}&#8221;]<div class=\"d-inline-block \" ><div class=\"pix-img-el  vc_custom_1669102598314   text-center d-inline-block  w-100 rounded-xl\"  ><img class=\"card-img2 pix-img-elem rounded-xl  h-1002\" style=\"height:auto;\" width=\"1833\" height=\"2560\" srcset=\"https:\/\/goqram.com\/in\/wp-content\/uploads\/2022\/11\/webp-four-scaled-1.webp 1833w, https:\/\/goqram.com\/in\/wp-content\/uploads\/2022\/11\/webp-four-scaled-1-215x300.webp 215w, https:\/\/goqram.com\/in\/wp-content\/uploads\/2022\/11\/webp-four-scaled-1-733x1024.webp 733w, https:\/\/goqram.com\/in\/wp-content\/uploads\/2022\/11\/webp-four-scaled-1-768x1073.webp 768w, https:\/\/goqram.com\/in\/wp-content\/uploads\/2022\/11\/webp-four-scaled-1-1100x1536.webp 1100w, https:\/\/goqram.com\/in\/wp-content\/uploads\/2022\/11\/webp-four-scaled-1-1466x2048.webp 1466w\" sizes=\"(max-width: 1833px) 100vw, 1833px\" src=\"https:\/\/goqram.com\/in\/wp-content\/uploads\/2022\/11\/webp-four-scaled-1.webp\" alt=\"\" \/><\/div><\/div>[\/vc_column][\/vc_row][vc_row full_width=&#8221;stretch_row_content_no_spaces&#8221; pix_particles_check=&#8221;&#8221; css=&#8221;.vc_custom_1668963053632{padding-right: 5px !important;padding-left: 5px !important;}&#8221;][vc_column content_align=&#8221;text-center&#8221; pix_overlay_color=&#8221;dark-opacity-6&#8243; css=&#8221;.vc_custom_1669586968428{margin-bottom: 5px !important;padding-top: 5px !important;padding-right: 5px !important;padding-bottom: 5px !important;padding-left: 5px !important;border-radius: 5px !important;}&#8221;]<div class=\"d-inline-block \" ><div class=\"pix-img-el  vc_custom_1669102610339   text-center d-inline-block  w-100 rounded-xl\"  ><img class=\"card-img2 pix-img-elem rounded-xl  h-1002\" style=\"height:auto;\" width=\"1949\" height=\"2560\" srcset=\"https:\/\/goqram.com\/in\/wp-content\/uploads\/2022\/11\/webp-one-scaled-1.webp 1949w, https:\/\/goqram.com\/in\/wp-content\/uploads\/2022\/11\/webp-one-scaled-1-228x300.webp 228w, https:\/\/goqram.com\/in\/wp-content\/uploads\/2022\/11\/webp-one-scaled-1-780x1024.webp 780w, https:\/\/goqram.com\/in\/wp-content\/uploads\/2022\/11\/webp-one-scaled-1-768x1009.webp 768w, https:\/\/goqram.com\/in\/wp-content\/uploads\/2022\/11\/webp-one-scaled-1-1169x1536.webp 1169w, https:\/\/goqram.com\/in\/wp-content\/uploads\/2022\/11\/webp-one-scaled-1-1559x2048.webp 1559w\" sizes=\"(max-width: 1949px) 100vw, 1949px\" src=\"https:\/\/goqram.com\/in\/wp-content\/uploads\/2022\/11\/webp-one-scaled-1.webp\" alt=\"\" \/><\/div><\/div>[\/vc_column][\/vc_row][vc_row full_width=&#8221;stretch_row_content_no_spaces&#8221; pix_particles_check=&#8221;&#8221; css=&#8221;.vc_custom_1668963053632{padding-right: 5px !important;padding-left: 5px !important;}&#8221;][vc_column content_align=&#8221;text-center&#8221; pix_overlay_color=&#8221;dark-opacity-6&#8243; css=&#8221;.vc_custom_1669586984303{margin-bottom: 5px !important;padding-top: 5px !important;padding-right: 5px !important;padding-bottom: 5px !important;padding-left: 5px !important;border-radius: 5px !important;}&#8221;]<div class=\"d-inline-block \" ><div class=\"pix-img-el  vc_custom_1669102707940   text-center d-inline-block  w-100 rounded-xl\"  ><img class=\"card-img2 pix-img-elem rounded-xl  h-1002\" style=\"height:auto;\" width=\"1984\" height=\"2560\" srcset=\"https:\/\/goqram.com\/in\/wp-content\/uploads\/2022\/11\/webp-three-scaled-1.webp 1984w, https:\/\/goqram.com\/in\/wp-content\/uploads\/2022\/11\/webp-three-scaled-1-233x300.webp 233w, https:\/\/goqram.com\/in\/wp-content\/uploads\/2022\/11\/webp-three-scaled-1-794x1024.webp 794w, https:\/\/goqram.com\/in\/wp-content\/uploads\/2022\/11\/webp-three-scaled-1-768x991.webp 768w, https:\/\/goqram.com\/in\/wp-content\/uploads\/2022\/11\/webp-three-scaled-1-1190x1536.webp 1190w, https:\/\/goqram.com\/in\/wp-content\/uploads\/2022\/11\/webp-three-scaled-1-1587x2048.webp 1587w\" sizes=\"(max-width: 1984px) 100vw, 1984px\" src=\"https:\/\/goqram.com\/in\/wp-content\/uploads\/2022\/11\/webp-three-scaled-1.webp\" alt=\"\" \/><\/div><\/div>[\/vc_column][\/vc_row][vc_row full_width=&#8221;stretch_row_content_no_spaces&#8221; pix_particles_check=&#8221;&#8221; css=&#8221;.vc_custom_1668963053632{padding-right: 5px !important;padding-left: 5px !important;}&#8221;][vc_column content_align=&#8221;text-center&#8221; pix_overlay_color=&#8221;dark-opacity-6&#8243; css=&#8221;.vc_custom_1669586997371{margin-bottom: 5px !important;padding-top: 5px !important;padding-right: 5px !important;padding-bottom: 5px !important;padding-left: 5px !important;border-radius: 5px !important;}&#8221;]<div class=\"d-inline-block \" ><div class=\"pix-img-el  vc_custom_1669102686078   text-center d-inline-block  w-100 rounded-xl\"  ><img class=\"card-img2 pix-img-elem rounded-xl  h-1002\" style=\"height:auto;\" width=\"1936\" height=\"2560\" srcset=\"https:\/\/goqram.com\/in\/wp-content\/uploads\/2022\/11\/webp-two-scaled-1.webp 1936w, https:\/\/goqram.com\/in\/wp-content\/uploads\/2022\/11\/webp-two-scaled-1-227x300.webp 227w, https:\/\/goqram.com\/in\/wp-content\/uploads\/2022\/11\/webp-two-scaled-1-774x1024.webp 774w, https:\/\/goqram.com\/in\/wp-content\/uploads\/2022\/11\/webp-two-scaled-1-768x1016.webp 768w, https:\/\/goqram.com\/in\/wp-content\/uploads\/2022\/11\/webp-two-scaled-1-1162x1536.webp 1162w, https:\/\/goqram.com\/in\/wp-content\/uploads\/2022\/11\/webp-two-scaled-1-1549x2048.webp 1549w\" sizes=\"(max-width: 1936px) 100vw, 1936px\" src=\"https:\/\/goqram.com\/in\/wp-content\/uploads\/2022\/11\/webp-two-scaled-1.webp\" alt=\"\" \/><\/div><\/div>[\/vc_column][\/vc_row][vc_row full_width=&#8221;stretch_row_content_no_spaces&#8221; pix_particles_check=&#8221;&#8221; css=&#8221;.vc_custom_1668605654130{padding-right: 5px !important;padding-left: 5px !important;}&#8221;][vc_column content_align=&#8221;text-center&#8221; pix_overlay_color=&#8221;dark-opacity-6&#8243; css=&#8221;.vc_custom_1669587011361{padding-top: 1px !important;border-radius: 5px !important;}&#8221;]<a class=\"d-inline-block \"  href=\"#go_back_menu\" target=\"\"><div id=\"duo-icon-149914085\" class=\"pix-icon d-inline-block \"><div class=\"mr-32 d-inline-block text-white scale\"   style=\"width:54px;height:54px;position:relative;line-height:54px;text-align:center;\"><svg width=\"100%\" height=\"100%\" viewBox=\"0 0 24 24\" version=\"1.1\" xmlns=\"http:\/\/www.w3.org\/2000\/svg\" xmlns:xlink=\"http:\/\/www.w3.org\/1999\/xlink\"> <defs><\/defs> <g stroke=\"none\" stroke-width=\"1\" fill=\"none\" fill-rule=\"evenodd\"> <path d=\"M8.2928955,10.2071068 C7.90237121,9.81658249 7.90237121,9.18341751 8.2928955,8.79289322 C8.6834198,8.40236893 9.31658478,8.40236893 9.70710907,8.79289322 L15.7071091,14.7928932 C16.085688,15.1714722 16.0989336,15.7810586 15.7371564,16.1757246 L10.2371564,22.1757246 C9.86396402,22.5828436 9.23139665,22.6103465 8.82427766,22.2371541 C8.41715867,21.8639617 8.38965574,21.2313944 8.76284815,20.8242754 L13.6158645,15.5300757 L8.2928955,10.2071068 Z\" fill=\"#000000\" fill-rule=\"nonzero\" transform=\"translate(12.000003, 15.500003) scale(-1, 1) rotate(-90.000000) translate(-12.000003, -15.500003) \"><\/path> <path d=\"M6.70710678,12.2071104 C6.31658249,12.5976347 5.68341751,12.5976347 5.29289322,12.2071104 C4.90236893,11.8165861 4.90236893,11.1834211 5.29289322,10.7928968 L11.2928932,4.79289682 C11.6714722,4.41431789 12.2810586,4.40107226 12.6757246,4.76284946 L18.6757246,10.2628495 C19.0828436,10.6360419 19.1103465,11.2686092 18.7371541,11.6757282 C18.3639617,12.0828472 17.7313944,12.1103502 17.3242754,11.7371577 L12.0300757,6.88414142 L6.70710678,12.2071104 Z\" fill=\"#000000\" fill-rule=\"nonzero\" opacity=\"0.3\" transform=\"translate(12.000003, 8.500003) scale(-1, 1) rotate(-360.000000) translate(-12.000003, -8.500003) \"><\/path> <\/g> <\/svg><\/div><\/div><\/a>[vc_tta_accordion title_tag=&#8221;h6&#8243; section_title_tag=&#8221;h6&#8243; style=&#8221;outline&#8221; shape=&#8221;round&#8221; gap=&#8221;1&#8243; c_icon=&#8221;chevron&#8221; c_position=&#8221;right&#8221; active_section=&#8221;&#8221; no_fill=&#8221;true&#8221; collapsible_all=&#8221;true&#8221; css=&#8221;.vc_custom_1668967282546{padding-right: 10px !important;padding-left: 10px !important;}&#8221;][vc_tta_section title=&#8221;*** Alerjen \u00dcr\u00fcnler &amp; A\u00e7\u0131klamalar.&#8221; tab_id=&#8221;1668964729313-54234550-6d0a&#8221;][vc_row_inner][vc_column_inner width=&#8221;1\/2&#8243;]<div id=\"1668536966375-6b764abb-56c7\" class=\"media \"><div class=\"feature_img  mr-3 \"   style=\"width:31px;height:auto;display:inline-block;position:relative;\"><img style=\"width:31px;height:31px;\" class=\"img-fluid2 pix-fit-cover \" src=\"https:\/\/goqram.com\/in\/wp-content\/uploads\/2022\/11\/sut-.webp\" alt=\"S\u00fct ve S\u00fct \u00dcr\u00fcnleri\"><\/div><div class=\"media-body text-left\"><h6 class=\"font-weight-bold   text-white  \" style=\"padding-top:10px;\"  >S\u00fct ve S\u00fct \u00dcr\u00fcnleri<\/h6><div class=\"text-text-gray text-xs     \" style=\"\"  ><\/div><\/div><\/div><div id=\"1668426918404-3403966b-c2f6\" class=\"media \"><div class=\"feature_img  mr-3 \"   style=\"width:31px;height:auto;display:inline-block;position:relative;\"><img style=\"width:31px;height:31px;\" class=\"img-fluid2 pix-fit-cover \" src=\"https:\/\/goqram.com\/in\/wp-content\/uploads\/2022\/11\/yumurta-.webp\" alt=\"Yumurta\"><\/div><div class=\"media-body text-left\"><h6 class=\"font-weight-bold   text-white  \" style=\"padding-top:10px;\"  >Yumurta<\/h6><div class=\"text-text-gray text-xs     \" style=\"\"  ><\/div><\/div><\/div><div id=\"1668426918496-3598c44d-df83\" class=\"media \"><div class=\"feature_img  mr-3 \"   style=\"width:31px;height:auto;display:inline-block;position:relative;\"><img style=\"width:31px;height:31px;\" class=\"img-fluid2 pix-fit-cover \" src=\"https:\/\/goqram.com\/in\/wp-content\/uploads\/2022\/11\/gluten-.webp\" alt=\"Gluten\"><\/div><div class=\"media-body text-left\"><h6 class=\"font-weight-bold   text-white  \" style=\"padding-top:10px;\"  >Gluten<\/h6><div class=\"text-text-gray text-xs     \" style=\"\"  ><\/div><\/div><\/div><div id=\"1668426918578-a9a8251a-56e0\" class=\"media \"><div class=\"feature_img  mr-3 \"   style=\"width:31px;height:auto;display:inline-block;position:relative;\"><img style=\"width:31px;height:31px;\" class=\"img-fluid2 pix-fit-cover \" src=\"https:\/\/goqram.com\/in\/wp-content\/uploads\/2022\/11\/soya-.webp\" alt=\"Soya\"><\/div><div class=\"media-body text-left\"><h6 class=\"font-weight-bold   text-white  \" style=\"padding-top:10px;\"  >Soya<\/h6><div class=\"text-text-gray text-xs     \" style=\"\"  ><\/div><\/div><\/div><div id=\"1668426918665-b308efa8-d430\" class=\"media \"><div class=\"feature_img  mr-3 \"   style=\"width:31px;height:auto;display:inline-block;position:relative;\"><img style=\"width:31px;height:31px;\" class=\"img-fluid2 pix-fit-cover \" src=\"https:\/\/goqram.com\/in\/wp-content\/uploads\/2022\/11\/susam-.webp\" alt=\"Susam\"><\/div><div class=\"media-body text-left\"><h6 class=\"font-weight-bold   text-white  \" style=\"padding-top:10px;\"  >Susam<\/h6><div class=\"text-text-gray text-xs     \" style=\"\"  ><\/div><\/div><\/div>[\/vc_column_inner][vc_column_inner width=&#8221;1\/2&#8243;]<div id=\"1668426918844-0a3dade8-f934\" class=\"media \"><div class=\"feature_img  mr-3 \"   style=\"width:31px;height:auto;display:inline-block;position:relative;\"><img style=\"width:31px;height:31px;\" class=\"img-fluid2 pix-fit-cover \" src=\"https:\/\/goqram.com\/in\/wp-content\/uploads\/2022\/11\/sert-kabuklular-.webp\" alt=\"Sert Kabuklular\"><\/div><div class=\"media-body text-left\"><h6 class=\"font-weight-bold   text-white  \" style=\"padding-top:10px;\"  >Sert Kabuklular<\/h6><div class=\"text-text-gray text-xs     \" style=\"\"  ><\/div><\/div><\/div><div id=\"1668426918930-f490ebc9-4f06\" class=\"media \"><div class=\"feature_img  mr-3 \"   style=\"width:31px;height:auto;display:inline-block;position:relative;\"><img style=\"width:31px;height:31px;\" class=\"img-fluid2 pix-fit-cover \" src=\"https:\/\/goqram.com\/in\/wp-content\/uploads\/2022\/11\/aci-bakla-.webp\" alt=\"Ac\u0131 Bakla\"><\/div><div class=\"media-body text-left\"><h6 class=\"font-weight-bold   text-white  \" style=\"padding-top:10px;\"  >Ac\u0131 Bakla<\/h6><div class=\"text-text-gray text-xs     \" style=\"\"  ><\/div><\/div><\/div><div id=\"1668426919091-123c802a-8a38\" class=\"media \"><div class=\"feature_img  mr-3 \"   style=\"width:31px;height:auto;display:inline-block;position:relative;\"><img style=\"width:31px;height:31px;\" class=\"img-fluid2 pix-fit-cover \" src=\"https:\/\/goqram.com\/in\/wp-content\/uploads\/2022\/11\/kereviz-.webp\" alt=\"Kereviz\"><\/div><div class=\"media-body text-left\"><h6 class=\"font-weight-bold   text-white  \" style=\"padding-top:10px;\"  >Kereviz<\/h6><div class=\"text-text-gray text-xs     \" style=\"\"  ><\/div><\/div><\/div><div id=\"1668426919281-88f317bb-7c5b\" class=\"media \"><div class=\"feature_img  mr-3 \"   style=\"width:31px;height:auto;display:inline-block;position:relative;\"><img style=\"width:31px;height:31px;\" class=\"img-fluid2 pix-fit-cover \" src=\"https:\/\/goqram.com\/in\/wp-content\/uploads\/2022\/11\/balik-.webp\" alt=\"Bal\u0131k\"><\/div><div class=\"media-body text-left\"><h6 class=\"font-weight-bold   text-white  \" style=\"padding-top:10px;\"  >Bal\u0131k<\/h6><div class=\"text-text-gray text-xs     \" style=\"\"  ><\/div><\/div><\/div><div id=\"1668426919365-7fc0b51b-4c3b\" class=\"media \"><div class=\"feature_img  mr-3 \"   style=\"width:31px;height:auto;display:inline-block;position:relative;\"><img style=\"width:31px;height:31px;\" class=\"img-fluid2 pix-fit-cover \" src=\"https:\/\/goqram.com\/in\/wp-content\/uploads\/2022\/11\/kabuklular-.webp\" alt=\"Kabuklular\"><\/div><div class=\"media-body text-left\"><h6 class=\"font-weight-bold   text-white  \" style=\"padding-top:10px;\"  >Kabuklular<\/h6><div class=\"text-text-gray text-xs     \" style=\"\"  ><\/div><\/div><\/div>[\/vc_column_inner][\/vc_row_inner][\/vc_tta_section][\/vc_tta_accordion][\/vc_column][\/vc_row][vc_row full_width=&#8221;stretch_row_content_no_spaces&#8221; pix_particles_check=&#8221;&#8221; css=&#8221;.vc_custom_1668615859722{padding-right: 5px !important;padding-left: 5px !important;}&#8221;][vc_column content_align=&#8221;text-center&#8221; pix_overlay_color=&#8221;dark-opacity-6&#8243; css=&#8221;.vc_custom_1669587027392{margin-top: 5px !important;margin-bottom: 5px !important;padding-top: 5px !important;padding-bottom: 5px !important;border-radius: 5px !important;}&#8221;]<div class=\"d-inline-block \" ><a href=\"https:\/\/goqram.com\" target=\"_blank\" class=\"pix-img-el    text-center d-inline-block  rounded-0\" ><img class=\"pix-lazy2 card-img2 rounded-0 h-1002\" src=\"https:\/\/goqram.com\/in\/wp-content\/uploads\/2022\/11\/goqram-logo.webp\" srcset=\"https:\/\/goqram.com\/in\/wp-content\/uploads\/2022\/11\/goqram-logo.webp 500w, https:\/\/goqram.com\/in\/wp-content\/uploads\/2022\/11\/goqram-logo-300x92.webp 300w\" width=\"500\" height=\"153\" alt=\"\" style=\"width:auto;max-height:20px;\"\/><\/a><\/div>[\/vc_column][\/vc_row][\/vc_section]<\/p>\r\n","protected":false},"excerpt":{"rendered":"[vc_section full_width=&#8221;stretch_row&#8221; pix_over_visibility=&#8221;&#8221; pix_overlay_color=&#8221;gradient-primary&#8221;][vc_row full_width=&#8221;stretch_row_content_no_spaces&#8221; pix_particles_check=&#8221;&#8221; css=&#8221;.vc_custom_1668964380013{padding-right: 5px !important;padding-left: 5px !important;}&#8221; el_id=&#8221;go_back_menu&#8221;][vc_column content_align=&#8221;text-center&#8221; pix_overlay_color=&#8221;dark-opacity-6&#8243; css=&#8221;.vc_custom_1669586952500{margin-top: 5px !important;padding-top: 5px !important;padding-bottom: 5px !important;border-radius: 5px !important;}&#8221;][\/vc_column][\/vc_row][vc_row full_width=&#8221;stretch_row_content_no_spaces&#8221; content_placement=&#8221;middle&#8221; pix_particles_check=&#8221;&#8221; css=&#8221;.vc_custom_1668964387542{padding-right: 5px !important;padding-left: 5px !important;}&#8221;][vc_column content_align=&#8221;text-center&#8221; pix_overlay_color=&#8221;dark-opacity-6&#8243; css=&#8221;.vc_custom_1669586835033{margin-top: 5px !important;margin-bottom: 5px !important;padding-top: 10px !important;padding-bottom:&#8230;","protected":false},"author":1,"featured_media":75,"parent":0,"menu_order":0,"comment_status":"closed","ping_status":"closed","template":"","meta":[],"yoast_head":"<!-- This site is optimized with the Yoast SEO Premium plugin v14.7 - https:\/\/yoast.com\/wordpress\/plugins\/seo\/ -->\n<title>WebP Menu<\/title>\n<meta name=\"robots\" content=\"index, follow\" \/>\n<meta name=\"googlebot\" content=\"index, follow, max-snippet:-1, max-image-preview:large, max-video-preview:-1\" \/>\n<meta name=\"bingbot\" content=\"index, follow, max-snippet:-1, max-image-preview:large, max-video-preview:-1\" \/>\n<link rel=\"canonical\" href=\"https:\/\/goqram.com\/in\/webp\/\" \/>\n<meta property=\"og:locale\" content=\"en_US\" \/>\n<meta property=\"og:type\" content=\"article\" \/>\n<meta property=\"og:title\" content=\"WebP Menu\" \/>\n<meta property=\"og:description\" content=\"[vc_section full_width=&#8221;stretch_row&#8221; pix_over_visibility=&#8221;&#8221; pix_overlay_color=&#8221;gradient-primary&#8221;][vc_row full_width=&#8221;stretch_row_content_no_spaces&#8221; pix_particles_check=&#8221;&#8221; css=&#8221;.vc_custom_1668964380013{padding-right: 5px !important;padding-left: 5px !important;}&#8221; el_id=&#8221;go_back_menu&#8221;][vc_column content_align=&#8221;text-center&#8221; pix_overlay_color=&#8221;dark-opacity-6&#8243; css=&#8221;.vc_custom_1669586952500{margin-top: 5px !important;padding-top: 5px !important;padding-bottom: 5px !important;border-radius: 5px !important;}&#8221;][\/vc_column][\/vc_row][vc_row full_width=&#8221;stretch_row_content_no_spaces&#8221; content_placement=&#8221;middle&#8221; pix_particles_check=&#8221;&#8221; css=&#8221;.vc_custom_1668964387542{padding-right: 5px !important;padding-left: 5px !important;}&#8221;][vc_column content_align=&#8221;text-center&#8221; pix_overlay_color=&#8221;dark-opacity-6&#8243; css=&#8221;.vc_custom_1669586835033{margin-top: 5px !important;margin-bottom: 5px !important;padding-top: 10px !important;padding-bottom:...\" \/>\n<meta property=\"og:url\" content=\"https:\/\/goqram.com\/in\/webp\/\" \/>\n<meta property=\"og:site_name\" content=\"Studio\" \/>\n<meta property=\"article:publisher\" content=\"https:\/\/facebook.com\/goqram\" \/>\n<meta property=\"article:modified_time\" content=\"2023-02-05T12:53:42+00:00\" \/>\n<script type=\"application\/ld+json\" class=\"yoast-schema-graph\">{\"@context\":\"https:\/\/schema.org\",\"@graph\":[{\"@type\":\"Organization\",\"@id\":\"https:\/\/goqram.com\/in\/#organization\",\"name\":\"Goqram Pro Studio\",\"url\":\"https:\/\/goqram.com\/in\/\",\"sameAs\":[\"https:\/\/facebook.com\/goqram\",\"https:\/\/instagram.com\/goqram\",\"https:\/\/linkedin.com\/in\/goqram\",\"https:\/\/youtube.com\/@goqram\"],\"logo\":{\"@type\":\"ImageObject\",\"@id\":\"https:\/\/goqram.com\/in\/#logo\",\"inLanguage\":\"en-US\",\"url\":\"https:\/\/goqram.com\/in\/wp-content\/uploads\/2022\/11\/goqram-logo-mobile.webp\",\"width\":500,\"height\":500,\"caption\":\"Goqram Pro Studio\"},\"image\":{\"@id\":\"https:\/\/goqram.com\/in\/#logo\"}},{\"@type\":\"WebSite\",\"@id\":\"https:\/\/goqram.com\/in\/#website\",\"url\":\"https:\/\/goqram.com\/in\/\",\"name\":\"Studio\",\"description\":\"Goqram Pro Studio\",\"publisher\":{\"@id\":\"https:\/\/goqram.com\/in\/#organization\"},\"potentialAction\":[{\"@type\":\"SearchAction\",\"target\":\"https:\/\/goqram.com\/in\/?s={search_term_string}\",\"query-input\":\"required name=search_term_string\"}],\"inLanguage\":\"en-US\"},{\"@type\":\"ImageObject\",\"@id\":\"https:\/\/goqram.com\/in\/webp\/#primaryimage\",\"inLanguage\":\"en-US\",\"url\":\"https:\/\/goqram.com\/in\/wp-content\/uploads\/2022\/11\/goqram-logo-mobile.webp\",\"width\":500,\"height\":500},{\"@type\":\"WebPage\",\"@id\":\"https:\/\/goqram.com\/in\/webp\/#webpage\",\"url\":\"https:\/\/goqram.com\/in\/webp\/\",\"name\":\"WebP Menu\",\"isPartOf\":{\"@id\":\"https:\/\/goqram.com\/in\/#website\"},\"primaryImageOfPage\":{\"@id\":\"https:\/\/goqram.com\/in\/webp\/#primaryimage\"},\"datePublished\":\"2022-11-20T18:18:12+00:00\",\"dateModified\":\"2023-02-05T12:53:42+00:00\",\"inLanguage\":\"en-US\",\"potentialAction\":[{\"@type\":\"ReadAction\",\"target\":[\"https:\/\/goqram.com\/in\/webp\/\"]}]}]}<\/script>\n<!-- \/ Yoast SEO Premium plugin. -->","_links":{"self":[{"href":"https:\/\/goqram.com\/in\/wp-json\/wp\/v2\/pages\/349"}],"collection":[{"href":"https:\/\/goqram.com\/in\/wp-json\/wp\/v2\/pages"}],"about":[{"href":"https:\/\/goqram.com\/in\/wp-json\/wp\/v2\/types\/page"}],"author":[{"embeddable":true,"href":"https:\/\/goqram.com\/in\/wp-json\/wp\/v2\/users\/1"}],"replies":[{"embeddable":true,"href":"https:\/\/goqram.com\/in\/wp-json\/wp\/v2\/comments?post=349"}],"version-history":[{"count":3,"href":"https:\/\/goqram.com\/in\/wp-json\/wp\/v2\/pages\/349\/revisions"}],"predecessor-version":[{"id":747,"href":"https:\/\/goqram.com\/in\/wp-json\/wp\/v2\/pages\/349\/revisions\/747"}],"wp:featuredmedia":[{"embeddable":true,"href":"https:\/\/goqram.com\/in\/wp-json\/wp\/v2\/media\/75"}],"wp:attachment":[{"href":"https:\/\/goqram.com\/in\/wp-json\/wp\/v2\/media?parent=349"}],"curies":[{"name":"wp","href":"https:\/\/api.w.org\/{rel}","templated":true}]}}