{"id":66,"date":"2022-11-13T01:52:25","date_gmt":"2022-11-13T01:52:25","guid":{"rendered":"https:\/\/studio.goqram.com\/?page_id=66"},"modified":"2022-12-19T15:08:00","modified_gmt":"2022-12-19T15:08:00","slug":"bigchefs","status":"publish","type":"page","link":"https:\/\/goqram.com\/in\/bigchefs\/","title":{"rendered":"BigChefs"},"content":{"rendered":"[vc_section full_width=&#8221;stretch_row_content&#8221; pix_over_visibility=&#8221;&#8221; pix_overlay_color=&#8221;custom-gradient&#8221; top_divider=&#8221;&#8221; top_divider_color=&#8221;&#8221; pix_custom_gradient=&#8221;linear-gradient(to bottom, #000 0%, rgb(62, 62, 62) 0%, rgb(221,0,0) 99%)&#8221;][vc_row pix_particles_check=&#8221;&#8221; css=&#8221;.vc_custom_1668954602795{padding-right: 5px !important;padding-left: 5px !important;}&#8221;][vc_column content_align=&#8221;text-center&#8221; pix_overlay_color=&#8221;dark-opacity-6&#8243; css=&#8221;.vc_custom_1669586298573{margin-top: 5px !important;padding-top: 10px !important;padding-bottom: 20px !important;border-radius: 5px !important;}&#8221;]<div class=\"d-inline-block \" ><div class=\"pix-img-el  vc_custom_1669477964743   text-center d-inline-block  w-100 rounded-0\"  ><img class=\"card-img2 pix-img-elem rounded-0  h-1002\" style=\"width:auto;max-height:200px;\" width=\"453\" height=\"300\" srcset=\"https:\/\/goqram.com\/in\/wp-content\/uploads\/2022\/11\/bigchef.webp 453w, https:\/\/goqram.com\/in\/wp-content\/uploads\/2022\/11\/bigchef-300x199.webp 300w\" sizes=\"(max-width: 453px) 100vw, 453px\" src=\"https:\/\/goqram.com\/in\/wp-content\/uploads\/2022\/11\/bigchef.webp\" alt=\"\" \/><\/div><\/div><div  class=\"pix-heading-el text-center  vc_custom_1671462466856\"><div><div class=\"slide-in-container\"><h1 class=\"font-weight-bold display-4 heading-text el-title_custom_color mb-12\" style=\"color:#dd0000 !important;\" data-anim-type=\"\" data-anim-delay=\"0\">Big Chefs Cafe<\/h1><\/div><\/div><\/div><div class=\"text-white text-center pix-social-icons font-weight-bold d-inline-block \" style=\"font-size:30px;\"><a  href=\"https:\/\/instagram.com\/bigchefscafe\" aria-label=\"\" class=\"text-white  d-inline-block   px-2\"  ><i class=\"pixicon-instagram2\" style=\"\"><\/i><\/a><a  href=\"https:\/\/facebook.com\/goqram\" aria-label=\"\" class=\"text-white  d-inline-block   px-2\"  ><i class=\"pixicon-facebook3\" style=\"\"><\/i><\/a><a  href=\"https:\/\/linkedin.com\/in\/goqram\" aria-label=\"\" class=\"text-white  d-inline-block   px-2\"  ><i class=\"pixicon-linkedin\" style=\"\"><\/i><\/a><a  href=\"https:\/\/youtube.com\/channel\/UCqtAEwznSo41USGI8wbPHJg\" aria-label=\"\" class=\"text-white  d-inline-block   px-2\"  ><i class=\"pixicon-youtube\" style=\"\"><\/i><\/a><a  href=\"https:\/\/music.apple.com\/tr\/artist\/marshal\/1639705205\" aria-label=\"\" class=\"text-white  d-inline-block   px-2\"  ><i class=\"pixicon-apple\" style=\"\"><\/i><\/a><a  href=\"https:\/\/open.spotify.com\/artist\/1I7YOcgCxfLz6OVjA8zJGt?si=uSdEnc_sSu2OtN02gdm7QQ&nd=1\" aria-label=\"\" class=\"text-white  d-inline-block   px-2\"  ><i class=\"pixicon-spotify\" style=\"\"><\/i><\/a><\/div><div id=\"1669479972031-e77f83b5-e3ce\" class=\"pix-feature-el text-center \"><h5 class=\"font-weight-bold   text-white \" style=\"padding-top:10px;\"  >AKMERKEZ<\/h5><div class=\"text-gray-1 text-sm   font-weight-bold  \" style=\"padding-top:10px;\"  >Herkesin Bulu\u015fma Noktas\u0131<\/div><\/div>[\/vc_column][\/vc_row][vc_row pix_particles_check=&#8221;&#8221; css=&#8221;.vc_custom_1668954827373{padding-right: 5px !important;padding-left: 5px !important;}&#8221;][vc_column content_align=&#8221;text-center&#8221; pix_overlay_color=&#8221;dark-opacity-6&#8243; css=&#8221;.vc_custom_1669586316159{margin-top: 5px !important;margin-bottom: 5px !important;padding-top: 30px !important;padding-bottom: 20px !important;border-radius: 5px !important;}&#8221;]<a  href=\"https:\/\/goqram.com\/in\/webp\" class=\"btn mb-2    vc_custom_1671462201057  btn-link text-white d-block w-100      btn-rounded btn-xl\" target=\"_blank\" rel=\"noopener\"    ><span class=\"font-weight-bold \" >WEBP Menu<\/span><\/a><a  href=\"https:\/\/goqram.com\/in\/menu\" class=\"btn mb-2    vc_custom_1671462209146  btn-link text-white d-block w-100      btn-rounded btn-xl\" target=\"_blank\" rel=\"noopener\"    ><span class=\"font-weight-bold \" >T\u00fcrk\u00e7e Men\u00fc<\/span><\/a><a  href=\"https:\/\/goqram.com\/in\/menu-en\" class=\"btn mb-2    vc_custom_1671462226118  btn-link text-white d-block w-100      btn-rounded btn-xl\" target=\"_blank\" rel=\"noopener\"    ><span class=\"font-weight-bold \" >English Menu<\/span><\/a><a  href=\"https:\/\/goqram.com\/in\/menu-ru\" class=\"btn mb-2    vc_custom_1671462235378  btn-link text-white d-block w-100      btn-rounded btn-xl\" target=\"_blank\" rel=\"noopener\"    ><span class=\"font-weight-bold \" >Russian Menu<\/span><\/a><a  href=\"tel:+90-554-197-8060\" class=\"btn mb-2    vc_custom_1671462323878  btn-link text-white d-block w-100      btn-rounded btn-xl\" target=\"_blank\" rel=\"noopener\"    ><span class=\"font-weight-bold \" >Rezervasyon<\/span><\/a><a  href=\"tel:+90-554-197-8060\" class=\"btn mb-2    vc_custom_1671462252718  btn-link text-white d-block w-100      btn-rounded btn-xl\" target=\"_blank\" rel=\"noopener\"    ><span class=\"font-weight-bold \" >Paket Servis<\/span><\/a><a  href=\"https:\/\/g.co\/kgs\/tQWdGm\" class=\"btn mb-2    vc_custom_1671462260914  btn-link text-white d-block w-100      btn-rounded btn-xl\" target=\"_blank\" rel=\"noopener\"    ><span class=\"font-weight-bold \" >Yorum Yaz<\/span><\/a><a  href=\"tel:+90-554-197-8060\" class=\"btn mb-2    vc_custom_1671462280595  btn-link text-white d-block w-100      btn-rounded btn-xl\" target=\"_blank\" rel=\"noopener\"    ><span class=\"font-weight-bold \" >Ekibimize Kat\u0131l\u0131n<\/span><\/a><a  href=\"https:\/\/g.page\/Midpoint-Akmerkez?share\" class=\"btn mb-2    vc_custom_1671462290855  btn-link text-white d-block w-100      btn-rounded btn-xl\" target=\"_blank\" rel=\"noopener\"    ><span class=\"font-weight-bold \" >Adres<\/span><\/a>[\/vc_column][\/vc_row][vc_row pix_particles_check=&#8221;&#8221; css=&#8221;.vc_custom_1668955344151{padding-right: 5px !important;padding-left: 5px !important;}&#8221;][vc_column content_align=&#8221;text-center&#8221; pix_overlay_color=&#8221;dark-opacity-6&#8243; css=&#8221;.vc_custom_1669586327377{padding-top: 16px !important;padding-bottom: 10px !important;border-radius: 5px !important;}&#8221;]<div class=\"text-body-default text-center pix-social-icons font-weight-bold d-inline-block \" style=\"font-size:40px;\"><a  href=\"tel:+90-554-197-8060\" aria-label=\"Call\" class=\"text-green  d-inline-block   px-3\"  ><i class=\"pixicon-phone-ring\" style=\"\"><\/i><\/a><a  href=\"sms:+90-554-197-8060\" aria-label=\"Message\" class=\"text-secondary  d-inline-block   px-3\"  ><i class=\"pixicon-messages-2\" style=\"\"><\/i><\/a><a  href=\"https:\/\/wa.me\/+905541978060\" aria-label=\"WhatsApp\" class=\"text-green  d-inline-block   px-3\"  ><i class=\"pixicon-whatsapp2\" style=\"\"><\/i><\/a><a target=\"_blank\" href=\" https:\/\/m.me\/goqram\" aria-label=\"Messenger\" class=\"text-gradient-primary  d-inline-block   px-3\"  ><i class=\"pixicon-fb_messenger\" style=\"\"><\/i><\/a><a  href=\"mailto:info@djmarshal.com\" aria-label=\"Mail\" class=\"text-red  d-inline-block   px-3\"  ><i class=\"pixicon-google-inbox\" style=\"\"><\/i><\/a><\/div>[\/vc_column][\/vc_row][vc_row pix_particles_check=&#8221;&#8221; css=&#8221;.vc_custom_1668955746253{padding-right: 5px !important;padding-left: 5px !important;}&#8221;][vc_column content_align=&#8221;text-center&#8221; pix_overlay_color=&#8221;dark-opacity-6&#8243; css=&#8221;.vc_custom_1669587859029{margin-top: 5px !important;margin-bottom: 5px !important;padding-top: 5px !important;padding-bottom: 5px !important;border-radius: 5px !important;}&#8221;]<div class=\"d-inline-block \" ><a href=\"https:\/\/goqram.com\" target=\"_blank\" class=\"pix-img-el    text-center d-inline-block  rounded-0\" ><img class=\"pix-lazy2 card-img2 rounded-0 h-1002\" src=\"https:\/\/goqram.com\/in\/wp-content\/uploads\/2022\/11\/goqram-logo.webp\" srcset=\"https:\/\/goqram.com\/in\/wp-content\/uploads\/2022\/11\/goqram-logo.webp 500w, https:\/\/goqram.com\/in\/wp-content\/uploads\/2022\/11\/goqram-logo-300x92.webp 300w\" width=\"500\" height=\"153\" alt=\"GOQRAM\u2122\" style=\"width:auto;max-height:20px;\"\/><\/a><\/div>[\/vc_column][\/vc_row][\/vc_section]","protected":false},"excerpt":{"rendered":"[vc_section full_width=&#8221;stretch_row_content&#8221; pix_over_visibility=&#8221;&#8221; pix_overlay_color=&#8221;custom-gradient&#8221; top_divider=&#8221;&#8221; top_divider_color=&#8221;&#8221; pix_custom_gradient=&#8221;linear-gradient(to bottom, #000 0%, rgb(62, 62, 62) 0%, rgb(221,0,0) 99%)&#8221;][vc_row pix_particles_check=&#8221;&#8221; css=&#8221;.vc_custom_1668954602795{padding-right: 5px !important;padding-left: 5px !important;}&#8221;][vc_column content_align=&#8221;text-center&#8221; pix_overlay_color=&#8221;dark-opacity-6&#8243; css=&#8221;.vc_custom_1669586298573{margin-top: 5px !important;padding-top: 10px !important;padding-bottom: 20px !important;border-radius: 5px !important;}&#8221;][\/vc_column][\/vc_row][vc_row pix_particles_check=&#8221;&#8221; css=&#8221;.vc_custom_1668954827373{padding-right: 5px !important;padding-left: 5px !important;}&#8221;][vc_column content_align=&#8221;text-center&#8221;&#8230;","protected":false},"author":1,"featured_media":75,"parent":0,"menu_order":0,"comment_status":"closed","ping_status":"closed","template":"","meta":[],"yoast_head":"<!-- This site is optimized with the Yoast SEO Premium plugin v14.7 - https:\/\/yoast.com\/wordpress\/plugins\/seo\/ -->\n<title>BigChefs<\/title>\n<meta name=\"robots\" content=\"index, follow\" \/>\n<meta name=\"googlebot\" content=\"index, follow, max-snippet:-1, max-image-preview:large, max-video-preview:-1\" \/>\n<meta name=\"bingbot\" content=\"index, follow, max-snippet:-1, max-image-preview:large, max-video-preview:-1\" \/>\n<link rel=\"canonical\" href=\"https:\/\/goqram.com\/in\/bigchefs\/\" \/>\n<meta property=\"og:locale\" content=\"en_US\" \/>\n<meta property=\"og:type\" content=\"article\" \/>\n<meta property=\"og:title\" content=\"BigChefs\" \/>\n<meta property=\"og:description\" content=\"[vc_section full_width=&#8221;stretch_row_content&#8221; pix_over_visibility=&#8221;&#8221; pix_overlay_color=&#8221;custom-gradient&#8221; top_divider=&#8221;&#8221; top_divider_color=&#8221;&#8221; pix_custom_gradient=&#8221;linear-gradient(to bottom, #000 0%, rgb(62, 62, 62) 0%, rgb(221,0,0) 99%)&#8221;][vc_row pix_particles_check=&#8221;&#8221; css=&#8221;.vc_custom_1668954602795{padding-right: 5px !important;padding-left: 5px !important;}&#8221;][vc_column content_align=&#8221;text-center&#8221; pix_overlay_color=&#8221;dark-opacity-6&#8243; css=&#8221;.vc_custom_1669586298573{margin-top: 5px !important;padding-top: 10px !important;padding-bottom: 20px !important;border-radius: 5px !important;}&#8221;][\/vc_column][\/vc_row][vc_row pix_particles_check=&#8221;&#8221; css=&#8221;.vc_custom_1668954827373{padding-right: 5px !important;padding-left: 5px !important;}&#8221;][vc_column content_align=&#8221;text-center&#8221;...\" \/>\n<meta property=\"og:url\" content=\"https:\/\/goqram.com\/in\/bigchefs\/\" \/>\n<meta property=\"og:site_name\" content=\"Studio\" \/>\n<meta property=\"article:publisher\" content=\"https:\/\/facebook.com\/goqram\" \/>\n<meta property=\"article:modified_time\" content=\"2022-12-19T15:08:00+00:00\" \/>\n<script type=\"application\/ld+json\" class=\"yoast-schema-graph\">{\"@context\":\"https:\/\/schema.org\",\"@graph\":[{\"@type\":\"Organization\",\"@id\":\"https:\/\/goqram.com\/in\/#organization\",\"name\":\"Goqram Pro Studio\",\"url\":\"https:\/\/goqram.com\/in\/\",\"sameAs\":[\"https:\/\/facebook.com\/goqram\",\"https:\/\/instagram.com\/goqram\",\"https:\/\/linkedin.com\/in\/goqram\",\"https:\/\/youtube.com\/@goqram\"],\"logo\":{\"@type\":\"ImageObject\",\"@id\":\"https:\/\/goqram.com\/in\/#logo\",\"inLanguage\":\"en-US\",\"url\":\"https:\/\/goqram.com\/in\/wp-content\/uploads\/2022\/11\/goqram-logo-mobile.webp\",\"width\":500,\"height\":500,\"caption\":\"Goqram Pro Studio\"},\"image\":{\"@id\":\"https:\/\/goqram.com\/in\/#logo\"}},{\"@type\":\"WebSite\",\"@id\":\"https:\/\/goqram.com\/in\/#website\",\"url\":\"https:\/\/goqram.com\/in\/\",\"name\":\"Studio\",\"description\":\"Goqram Pro Studio\",\"publisher\":{\"@id\":\"https:\/\/goqram.com\/in\/#organization\"},\"potentialAction\":[{\"@type\":\"SearchAction\",\"target\":\"https:\/\/goqram.com\/in\/?s={search_term_string}\",\"query-input\":\"required name=search_term_string\"}],\"inLanguage\":\"en-US\"},{\"@type\":\"ImageObject\",\"@id\":\"https:\/\/goqram.com\/in\/bigchefs\/#primaryimage\",\"inLanguage\":\"en-US\",\"url\":\"https:\/\/goqram.com\/in\/wp-content\/uploads\/2022\/11\/goqram-logo-mobile.webp\",\"width\":500,\"height\":500},{\"@type\":\"WebPage\",\"@id\":\"https:\/\/goqram.com\/in\/bigchefs\/#webpage\",\"url\":\"https:\/\/goqram.com\/in\/bigchefs\/\",\"name\":\"BigChefs\",\"isPartOf\":{\"@id\":\"https:\/\/goqram.com\/in\/#website\"},\"primaryImageOfPage\":{\"@id\":\"https:\/\/goqram.com\/in\/bigchefs\/#primaryimage\"},\"datePublished\":\"2022-11-13T01:52:25+00:00\",\"dateModified\":\"2022-12-19T15:08:00+00:00\",\"inLanguage\":\"en-US\",\"potentialAction\":[{\"@type\":\"ReadAction\",\"target\":[\"https:\/\/goqram.com\/in\/bigchefs\/\"]}]}]}<\/script>\n<!-- \/ Yoast SEO Premium plugin. -->","_links":{"self":[{"href":"https:\/\/goqram.com\/in\/wp-json\/wp\/v2\/pages\/66"}],"collection":[{"href":"https:\/\/goqram.com\/in\/wp-json\/wp\/v2\/pages"}],"about":[{"href":"https:\/\/goqram.com\/in\/wp-json\/wp\/v2\/types\/page"}],"author":[{"embeddable":true,"href":"https:\/\/goqram.com\/in\/wp-json\/wp\/v2\/users\/1"}],"replies":[{"embeddable":true,"href":"https:\/\/goqram.com\/in\/wp-json\/wp\/v2\/comments?post=66"}],"version-history":[{"count":7,"href":"https:\/\/goqram.com\/in\/wp-json\/wp\/v2\/pages\/66\/revisions"}],"predecessor-version":[{"id":689,"href":"https:\/\/goqram.com\/in\/wp-json\/wp\/v2\/pages\/66\/revisions\/689"}],"wp:featuredmedia":[{"embeddable":true,"href":"https:\/\/goqram.com\/in\/wp-json\/wp\/v2\/media\/75"}],"wp:attachment":[{"href":"https:\/\/goqram.com\/in\/wp-json\/wp\/v2\/media?parent=66"}],"curies":[{"name":"wp","href":"https:\/\/api.w.org\/{rel}","templated":true}]}}